{"id":513,"date":"2023-06-07T07:05:54","date_gmt":"2023-06-07T07:05:54","guid":{"rendered":"https:\/\/milyservice.com\/quebec\/"},"modified":"2025-10-07T17:26:41","modified_gmt":"2025-10-07T17:26:41","slug":"logement-quebec","status":"publish","type":"page","link":"https:\/\/milyservice.com\/fr\/logement-quebec\/","title":{"rendered":"Qu\u00e9bec"},"content":{"rendered":"\t\t<div data-elementor-type=\"wp-page\" data-elementor-id=\"513\" class=\"elementor elementor-513 elementor-418\" data-elementor-post-type=\"page\">\n\t\t\t\t\t\t<section class=\"elementor-section elementor-top-section elementor-element elementor-element-507f46c elementor-section-full_width elementor-section-height-default elementor-section-height-default wpr-particle-no wpr-jarallax-no wpr-parallax-no wpr-sticky-section-no\" data-id=\"507f46c\" data-element_type=\"section\">\n\t\t\t\t\t\t<div class=\"elementor-container elementor-column-gap-default\">\n\t\t\t\t\t<div class=\"elementor-column elementor-col-100 elementor-top-column elementor-element elementor-element-3c64742\" data-id=\"3c64742\" data-element_type=\"column\">\n\t\t\t<div class=\"elementor-widget-wrap elementor-element-populated\">\n\t\t\t\t\t\t<div class=\"elementor-element elementor-element-f92e8b8 jarallax dce_masking-none elementor-widget elementor-widget-image\" data-id=\"f92e8b8\" data-element_type=\"widget\" data-widget_type=\"image.default\">\n\t\t\t\t<div class=\"elementor-widget-container\">\n\t\t\t\t\t\t\t\t\t\t\t\t\t\t\t<img fetchpriority=\"high\" decoding=\"async\" width=\"1024\" height=\"683\" src=\"https:\/\/milyservice.com\/wp-content\/uploads\/2023\/07\/alvin-balemesa-lJstr7OYCoM-unsplash-1024x683.jpg\" class=\"attachment-large size-large wp-image-728\" alt=\"\" srcset=\"https:\/\/milyservice.com\/wp-content\/uploads\/2023\/07\/alvin-balemesa-lJstr7OYCoM-unsplash-1024x683.jpg 1024w, https:\/\/milyservice.com\/wp-content\/uploads\/2023\/07\/alvin-balemesa-lJstr7OYCoM-unsplash-300x200.jpg 300w, https:\/\/milyservice.com\/wp-content\/uploads\/2023\/07\/alvin-balemesa-lJstr7OYCoM-unsplash-768x512.jpg 768w, https:\/\/milyservice.com\/wp-content\/uploads\/2023\/07\/alvin-balemesa-lJstr7OYCoM-unsplash-1536x1024.jpg 1536w, https:\/\/milyservice.com\/wp-content\/uploads\/2023\/07\/alvin-balemesa-lJstr7OYCoM-unsplash-2048x1366.jpg 2048w, https:\/\/milyservice.com\/wp-content\/uploads\/2023\/07\/alvin-balemesa-lJstr7OYCoM-unsplash-600x400.jpg 600w\" sizes=\"(max-width: 1024px) 100vw, 1024px\" \/>\t\t\t\t\t\t\t\t\t\t\t\t\t\t\t<\/div>\n\t\t\t\t<\/div>\n\t\t\t\t\t<\/div>\n\t\t<\/div>\n\t\t\t\t\t<\/div>\n\t\t<\/section>\n\t\t\t\t<section class=\"elementor-section elementor-top-section elementor-element elementor-element-52e940b elementor-section-boxed elementor-section-height-default elementor-section-height-default wpr-particle-no wpr-jarallax-no wpr-parallax-no wpr-sticky-section-no\" data-id=\"52e940b\" data-element_type=\"section\">\n\t\t\t\t\t\t<div class=\"elementor-container elementor-column-gap-default\">\n\t\t\t\t\t<div class=\"elementor-column elementor-col-100 elementor-top-column elementor-element elementor-element-4c5e16a\" data-id=\"4c5e16a\" data-element_type=\"column\">\n\t\t\t<div class=\"elementor-widget-wrap elementor-element-populated\">\n\t\t\t\t\t\t<div class=\"elementor-element elementor-element-1f280c0 elementor-widget elementor-widget-heading\" data-id=\"1f280c0\" data-element_type=\"widget\" data-widget_type=\"heading.default\">\n\t\t\t\t<div class=\"elementor-widget-container\">\n\t\t\t\t\t<h2 class=\"elementor-heading-title elementor-size-default\">QUEBEC<\/h2>\t\t\t\t<\/div>\n\t\t\t\t<\/div>\n\t\t\t\t<div class=\"elementor-element elementor-element-c3fd9f2 elementor-widget-divider--view-line elementor-widget elementor-widget-divider\" data-id=\"c3fd9f2\" data-element_type=\"widget\" data-widget_type=\"divider.default\">\n\t\t\t\t<div class=\"elementor-widget-container\">\n\t\t\t\t\t\t\t<div class=\"elementor-divider\">\n\t\t\t<span class=\"elementor-divider-separator\">\n\t\t\t\t\t\t<\/span>\n\t\t<\/div>\n\t\t\t\t\t\t<\/div>\n\t\t\t\t<\/div>\n\t\t\t\t<div class=\"elementor-element elementor-element-26fa69f elementor-widget__width-initial elementor-widget elementor-widget-text-editor\" data-id=\"26fa69f\" data-element_type=\"widget\" data-widget_type=\"text-editor.default\">\n\t\t\t\t<div class=\"elementor-widget-container\">\n\t\t\t\t\t\t\t\t\tQue vous recherchiez un appartement confortable nich\u00e9 dans une ville anim\u00e9e ou une maison de ville sereine dans un quartier de banlieue paisible, nous avons un logement qui vous convient. Notre engagement \u00e0 construire des communaut\u00e9s qui rassemblent les gens est au c\u0153ur de tout ce que nous faisons. Nous pensons qu&rsquo;un fort sentiment d&rsquo;appartenance est essentiel pour une exp\u00e9rience de vie \u00e9panouissante, et c&rsquo;est pourquoi nous nous effor\u00e7ons de cr\u00e9er des communaut\u00e9s inclusives et dynamiques o\u00f9 les r\u00e9sidents peuvent s&rsquo;\u00e9panouir.\t\t\t\t\t\t\t\t<\/div>\n\t\t\t\t<\/div>\n\t\t\t\t\t<\/div>\n\t\t<\/div>\n\t\t\t\t\t<\/div>\n\t\t<\/section>\n\t\t\t\t<section class=\"elementor-section elementor-top-section elementor-element elementor-element-fe21298 elementor-section-boxed elementor-section-height-default elementor-section-height-default wpr-particle-no wpr-jarallax-no wpr-parallax-no wpr-sticky-section-no\" data-id=\"fe21298\" data-element_type=\"section\">\n\t\t\t\t\t\t<div class=\"elementor-container elementor-column-gap-default\">\n\t\t\t\t\t<div class=\"elementor-column elementor-col-50 elementor-top-column elementor-element elementor-element-faa9f93\" data-id=\"faa9f93\" data-element_type=\"column\">\n\t\t\t<div class=\"elementor-widget-wrap elementor-element-populated\">\n\t\t\t\t\t\t<section class=\"elementor-section elementor-inner-section elementor-element elementor-element-24ddf04 elementor-section-height-min-height hover-outer elementor-section-boxed elementor-section-height-default wpr-particle-no wpr-jarallax-no wpr-parallax-no wpr-sticky-section-no\" data-id=\"24ddf04\" data-element_type=\"section\" link=\"https:\/\/milyservice.com\/fr\/fraser\/?project_name=Fraser&amp;city_name=Aylmer\">\n\t\t\t\t\t\t<div class=\"elementor-container elementor-column-gap-default\">\n\t\t\t\t\t<div data-dce-background-overlay-hover-color=\"#000000\" data-dce-background-overlay-image-url=\"https:\/\/milyservice.com\/wp-content\/uploads\/2024\/11\/20200130_Fraser-entree-projet-COULEURS-AJUSTES.jpg\" class=\"elementor-column elementor-col-100 elementor-inner-column elementor-element elementor-element-849aceb\" data-id=\"849aceb\" data-element_type=\"column\" data-settings=\"{&quot;background_background&quot;:&quot;classic&quot;}\" link=\"https:\/\/milyservice.com\/projects\/fraser\/\">\n\t\t\t<div class=\"elementor-widget-wrap elementor-element-populated\">\n\t\t\t\t\t<div class=\"elementor-background-overlay\"><\/div>\n\t\t\t\t\t\t\t<\/div>\n\t\t<\/div>\n\t\t\t\t\t<\/div>\n\t\t<\/section>\n\t\t\t\t<div data-dce-advanced-background-color=\"#1C1C1C\" class=\"elementor-element elementor-element-558aa52 elementor-widget elementor-widget-heading\" data-id=\"558aa52\" data-element_type=\"widget\" data-widget_type=\"heading.default\">\n\t\t\t\t<div class=\"elementor-widget-container\">\n\t\t\t\t\t<h2 class=\"elementor-heading-title elementor-size-default\"><a href=\"https:\/\/milyservice.com\/fr\/fraser\/?project_name=Fraser&#038;city_name=Aylmer\">FRASER<\/a><\/h2>\t\t\t\t<\/div>\n\t\t\t\t<\/div>\n\t\t\t\t\t<\/div>\n\t\t<\/div>\n\t\t\t\t<div class=\"elementor-column elementor-col-50 elementor-top-column elementor-element elementor-element-911bc7c\" data-id=\"911bc7c\" data-element_type=\"column\">\n\t\t\t<div class=\"elementor-widget-wrap elementor-element-populated\">\n\t\t\t\t\t\t<section class=\"elementor-section elementor-inner-section elementor-element elementor-element-1ba01c4 elementor-section-height-min-height hover-outer elementor-section-boxed elementor-section-height-default wpr-particle-no wpr-jarallax-no wpr-parallax-no wpr-sticky-section-no\" data-id=\"1ba01c4\" data-element_type=\"section\" link=\"https:\/\/milyservice.com\/fr\/la-croisee\/?project_name=La Crois\u00e9e&amp;city_name=Aylmer\">\n\t\t\t\t\t\t<div class=\"elementor-container elementor-column-gap-default\">\n\t\t\t\t\t<div data-dce-background-overlay-hover-color=\"#000000\" data-dce-background-overlay-image-url=\"https:\/\/milyservice.com\/wp-content\/uploads\/2023\/08\/LA-CROISEE-QUEBEC.png\" class=\"elementor-column elementor-col-100 elementor-inner-column elementor-element elementor-element-90616c3\" data-id=\"90616c3\" data-element_type=\"column\" data-settings=\"{&quot;background_background&quot;:&quot;classic&quot;}\" link=\"https:\/\/milyservice.com\/projects\/fraser\/\">\n\t\t\t<div class=\"elementor-widget-wrap elementor-element-populated\">\n\t\t\t\t\t<div class=\"elementor-background-overlay\"><\/div>\n\t\t\t\t\t\t\t<\/div>\n\t\t<\/div>\n\t\t\t\t\t<\/div>\n\t\t<\/section>\n\t\t\t\t<div data-dce-advanced-background-color=\"#1C1C1C\" class=\"elementor-element elementor-element-cd6d8c0 elementor-widget elementor-widget-heading\" data-id=\"cd6d8c0\" data-element_type=\"widget\" data-widget_type=\"heading.default\">\n\t\t\t\t<div class=\"elementor-widget-container\">\n\t\t\t\t\t<h2 class=\"elementor-heading-title elementor-size-default\"><a href=\"https:\/\/milyservice.com\/fr\/la-croisee\/?project_name=La%20Crois\u00e9e&#038;city_name=Aylmer\">LA CROIS\u00c9E<\/a><\/h2>\t\t\t\t<\/div>\n\t\t\t\t<\/div>\n\t\t\t\t\t<\/div>\n\t\t<\/div>\n\t\t<!-- dce invisible element e8b2b6c -->\t\t\t<\/div>\n\t\t<\/section>\n\t\t<!-- dce invisible element acc936e -->\t\t<section data-dce-background-color=\"#D1E8E4\" class=\"elementor-section elementor-top-section elementor-element elementor-element-a3b01ff elementor-section-boxed elementor-section-height-default elementor-section-height-default wpr-particle-no wpr-jarallax-no wpr-parallax-no wpr-sticky-section-no\" data-id=\"a3b01ff\" data-element_type=\"section\" data-settings=\"{&quot;background_background&quot;:&quot;gradient&quot;}\">\n\t\t\t\t\t\t<div class=\"elementor-container elementor-column-gap-default\">\n\t\t\t\t\t<div class=\"elementor-column elementor-col-100 elementor-top-column elementor-element elementor-element-241d465\" data-id=\"241d465\" data-element_type=\"column\">\n\t\t\t<div class=\"elementor-widget-wrap elementor-element-populated\">\n\t\t\t\t\t\t<div class=\"elementor-element elementor-element-e57a36c dce_masking-none elementor-widget elementor-widget-image\" data-id=\"e57a36c\" data-element_type=\"widget\" data-widget_type=\"image.default\">\n\t\t\t\t<div class=\"elementor-widget-container\">\n\t\t\t\t\t\t\t\t\t\t\t\t\t\t\t<img decoding=\"async\" width=\"88\" height=\"89\" src=\"https:\/\/milyservice.com\/wp-content\/uploads\/2023\/05\/Photo-26-01-2023-15-00-38-4-1-1.png\" class=\"attachment-large size-large wp-image-219\" alt=\"\" \/>\t\t\t\t\t\t\t\t\t\t\t\t\t\t\t<\/div>\n\t\t\t\t<\/div>\n\t\t\t\t<div class=\"elementor-element elementor-element-9ba45cb elementor-widget elementor-widget-heading\" data-id=\"9ba45cb\" data-element_type=\"widget\" data-widget_type=\"heading.default\">\n\t\t\t\t<div class=\"elementor-widget-container\">\n\t\t\t\t\t<h2 class=\"elementor-heading-title elementor-size-default\">CONTACTEZ<b>-NOUS<\/b>!<\/h2>\t\t\t\t<\/div>\n\t\t\t\t<\/div>\n\t\t\t\t<div class=\"elementor-element elementor-element-188370c elementor-widget-divider--view-line elementor-widget elementor-widget-divider\" data-id=\"188370c\" data-element_type=\"widget\" data-widget_type=\"divider.default\">\n\t\t\t\t<div class=\"elementor-widget-container\">\n\t\t\t\t\t\t\t<div class=\"elementor-divider\">\n\t\t\t<span class=\"elementor-divider-separator\">\n\t\t\t\t\t\t<\/span>\n\t\t<\/div>\n\t\t\t\t\t\t<\/div>\n\t\t\t\t<\/div>\n\t\t\t\t<div class=\"elementor-element elementor-element-4378918 elementor-widget__width-initial elementor-widget elementor-widget-text-editor\" data-id=\"4378918\" data-element_type=\"widget\" data-widget_type=\"text-editor.default\">\n\t\t\t\t<div class=\"elementor-widget-container\">\n\t\t\t\t\t\t\t\t\tNous sommes convaincus que vous trouverez ce que vous cherchez parmi nos communaut\u00e9s existantes et \u00e0 venir. Si vous avez des questions concernant nos services ou si vous souhaitez en savoir plus sur nous, n&rsquo;h\u00e9sitez pas \u00e0 nous contacter !\t\t\t\t\t\t\t\t<\/div>\n\t\t\t\t<\/div>\n\t\t\t\t<div data-dce-advanced-background-color=\"#FFFFFF00\" class=\"elementor-element elementor-element-f8742f4 elementor-align-center elementor-widget elementor-widget-button\" data-id=\"f8742f4\" data-element_type=\"widget\" data-widget_type=\"button.default\">\n\t\t\t\t<div class=\"elementor-widget-container\">\n\t\t\t\t\t\t\t\t\t<div class=\"elementor-button-wrapper\">\n\t\t\t\t\t<a class=\"elementor-button elementor-button-link elementor-size-md\" href=\"https:\/\/milyservice.com\/fr\/contactez\/\">\n\t\t\t\t\t\t<span class=\"elementor-button-content-wrapper\">\n\t\t\t\t\t\t\t\t\t<span class=\"elementor-button-text\">CONTACTEZ-NOUS <b>MAINTENANT<\/b><\/span>\n\t\t\t\t\t<\/span>\n\t\t\t\t\t<\/a>\n\t\t\t\t<\/div>\n\t\t\t\t\t\t\t\t<\/div>\n\t\t\t\t<\/div>\n\t\t\t\t\t<\/div>\n\t\t<\/div>\n\t\t\t\t\t<\/div>\n\t\t<\/section>\n\t\t\t\t<\/div>\n\t\t","protected":false},"excerpt":{"rendered":"<p>QUEBEC Que vous recherchiez un appartement confortable nich\u00e9 dans une ville anim\u00e9e ou une maison de ville sereine dans un quartier de banlieue paisible, nous avons un logement qui vous convient. Notre engagement \u00e0 construire des communaut\u00e9s qui rassemblent les gens est au c\u0153ur de tout ce que nous faisons. Nous pensons qu&rsquo;un fort sentiment d&rsquo;appartenance est essentiel pour une exp\u00e9rience de vie \u00e9panouissante, et c&rsquo;est pourquoi nous nous effor\u00e7ons de cr\u00e9er des communaut\u00e9s inclusives et dynamiques o\u00f9 les r\u00e9sidents peuvent s&rsquo;\u00e9panouir. FRASER LA CROIS\u00c9E \u00c0 VENIR BIENT\u00d4T 2026 ALCOVE \u00c0 VENIR BIENT\u00d4T 2026 apex \u00c0 VENIR BIENT\u00d4T 2026 EVIA CONTACTEZ-NOUS! Nous sommes convaincus que vous trouverez ce que vous cherchez parmi nos communaut\u00e9s existantes et \u00e0 venir. Si vous avez des questions concernant nos services ou si vous souhaitez en savoir plus sur nous, n&rsquo;h\u00e9sitez pas \u00e0 nous contacter ! CONTACTEZ-NOUS MAINTENANT<\/p>\n","protected":false},"author":1,"featured_media":0,"parent":0,"menu_order":10,"comment_status":"closed","ping_status":"closed","template":"","meta":{"_acf_changed":false,"site-sidebar-layout":"no-sidebar","site-content-layout":"page-builder","ast-site-content-layout":"default","site-content-style":"default","site-sidebar-style":"default","ast-global-header-display":"","ast-banner-title-visibility":"","ast-main-header-display":"","ast-hfb-above-header-display":"","ast-hfb-below-header-display":"","ast-hfb-mobile-header-display":"","site-post-title":"disabled","ast-breadcrumbs-content":"","ast-featured-img":"disabled","footer-sml-layout":"","theme-transparent-header-meta":"default","adv-header-id-meta":"","stick-header-meta":"","header-above-stick-meta":"","header-main-stick-meta":"","header-below-stick-meta":"","astra-migrate-meta-layouts":"default","ast-page-background-enabled":"default","ast-page-background-meta":{"desktop":{"background-color":"var(--ast-global-color-4)","background-image":"","background-repeat":"repeat","background-position":"center center","background-size":"auto","background-attachment":"scroll","background-type":"","background-media":"","overlay-type":"","overlay-color":"","overlay-opacity":"","overlay-gradient":""},"tablet":{"background-color":"","background-image":"","background-repeat":"repeat","background-position":"center center","background-size":"auto","background-attachment":"scroll","background-type":"","background-media":"","overlay-type":"","overlay-color":"","overlay-opacity":"","overlay-gradient":""},"mobile":{"background-color":"","background-image":"","background-repeat":"repeat","background-position":"center center","background-size":"auto","background-attachment":"scroll","background-type":"","background-media":"","overlay-type":"","overlay-color":"","overlay-opacity":"","overlay-gradient":""}},"ast-content-background-meta":{"desktop":{"background-color":"var(--ast-global-color-5)","background-image":"","background-repeat":"repeat","background-position":"center center","background-size":"auto","background-attachment":"scroll","background-type":"","background-media":"","overlay-type":"","overlay-color":"","overlay-opacity":"","overlay-gradient":""},"tablet":{"background-color":"var(--ast-global-color-5)","background-image":"","background-repeat":"repeat","background-position":"center center","background-size":"auto","background-attachment":"scroll","background-type":"","background-media":"","overlay-type":"","overlay-color":"","overlay-opacity":"","overlay-gradient":""},"mobile":{"background-color":"var(--ast-global-color-5)","background-image":"","background-repeat":"repeat","background-position":"center center","background-size":"auto","background-attachment":"scroll","background-type":"","background-media":"","overlay-type":"","overlay-color":"","overlay-opacity":"","overlay-gradient":""}},"footnotes":""},"class_list":["post-513","page","type-page","status-publish","hentry"],"acf":[],"yoast_head":"<!-- This site is optimized with the Yoast SEO Premium plugin v26.4 (Yoast SEO v26.4) - https:\/\/yoast.com\/wordpress\/plugins\/seo\/ -->\n<title>Appartement Maison de ville Qu\u00e9bec : D\u00e9couvrez Votre Logement Id\u00e9al<\/title>\n<meta name=\"description\" content=\"\u00c0 la recherche d&#039;un appartement ou d&#039;une maison de ville au Qu\u00e9bec ? D\u00e9couvrez des options de logement confortables et pratiques. Explorez d\u00e8s maintenant !\" \/>\n<meta name=\"robots\" content=\"index, follow, max-snippet:-1, max-image-preview:large, max-video-preview:-1\" \/>\n<link rel=\"canonical\" href=\"https:\/\/milyservice.com\/fr\/logement-quebec\/\" \/>\n<meta property=\"og:locale\" content=\"fr_FR\" \/>\n<meta property=\"og:type\" content=\"article\" \/>\n<meta property=\"og:title\" content=\"Qu\u00e9bec\" \/>\n<meta property=\"og:description\" content=\"\u00c0 la recherche d&#039;un appartement ou d&#039;une maison de ville au Qu\u00e9bec ? D\u00e9couvrez des options de logement confortables et pratiques. Explorez d\u00e8s maintenant !\" \/>\n<meta property=\"og:url\" content=\"https:\/\/milyservice.com\/fr\/logement-quebec\/\" \/>\n<meta property=\"og:site_name\" content=\"Mily\" \/>\n<meta property=\"article:modified_time\" content=\"2025-10-07T17:26:41+00:00\" \/>\n<meta property=\"og:image\" content=\"https:\/\/milyservice.com\/wp-content\/uploads\/2023\/07\/alvin-balemesa-lJstr7OYCoM-unsplash-scaled.jpg\" \/>\n\t<meta property=\"og:image:width\" content=\"2560\" \/>\n\t<meta property=\"og:image:height\" content=\"1707\" \/>\n\t<meta property=\"og:image:type\" content=\"image\/jpeg\" \/>\n<meta name=\"twitter:card\" content=\"summary_large_image\" \/>\n<meta name=\"twitter:label1\" content=\"Dur\u00e9e de lecture estim\u00e9e\" \/>\n\t<meta name=\"twitter:data1\" content=\"2 minutes\" \/>\n<script type=\"application\/ld+json\" class=\"yoast-schema-graph\">{\"@context\":\"https:\/\/schema.org\",\"@graph\":[{\"@type\":\"WebPage\",\"@id\":\"https:\/\/milyservice.com\/fr\/logement-quebec\/\",\"url\":\"https:\/\/milyservice.com\/fr\/logement-quebec\/\",\"name\":\"Appartement Maison de ville Qu\u00e9bec : D\u00e9couvrez Votre Logement Id\u00e9al\",\"isPartOf\":{\"@id\":\"https:\/\/milyservice.com\/fr\/#website\"},\"primaryImageOfPage\":{\"@id\":\"https:\/\/milyservice.com\/fr\/logement-quebec\/#primaryimage\"},\"image\":{\"@id\":\"https:\/\/milyservice.com\/fr\/logement-quebec\/#primaryimage\"},\"thumbnailUrl\":\"https:\/\/milyservice.com\/wp-content\/uploads\/2023\/07\/alvin-balemesa-lJstr7OYCoM-unsplash-1024x683.jpg\",\"datePublished\":\"2023-06-07T07:05:54+00:00\",\"dateModified\":\"2025-10-07T17:26:41+00:00\",\"description\":\"\u00c0 la recherche d'un appartement ou d'une maison de ville au Qu\u00e9bec ? D\u00e9couvrez des options de logement confortables et pratiques. Explorez d\u00e8s maintenant !\",\"breadcrumb\":{\"@id\":\"https:\/\/milyservice.com\/fr\/logement-quebec\/#breadcrumb\"},\"inLanguage\":\"fr-FR\",\"potentialAction\":[{\"@type\":\"ReadAction\",\"target\":[\"https:\/\/milyservice.com\/fr\/logement-quebec\/\"]}]},{\"@type\":\"ImageObject\",\"inLanguage\":\"fr-FR\",\"@id\":\"https:\/\/milyservice.com\/fr\/logement-quebec\/#primaryimage\",\"url\":\"https:\/\/milyservice.com\/wp-content\/uploads\/2023\/07\/alvin-balemesa-lJstr7OYCoM-unsplash-1024x683.jpg\",\"contentUrl\":\"https:\/\/milyservice.com\/wp-content\/uploads\/2023\/07\/alvin-balemesa-lJstr7OYCoM-unsplash-1024x683.jpg\"},{\"@type\":\"BreadcrumbList\",\"@id\":\"https:\/\/milyservice.com\/fr\/logement-quebec\/#breadcrumb\",\"itemListElement\":[{\"@type\":\"ListItem\",\"position\":1,\"name\":\"Home\",\"item\":\"https:\/\/milyservice.com\/fr\/\"},{\"@type\":\"ListItem\",\"position\":2,\"name\":\"Qu\u00e9bec\"}]},{\"@type\":\"WebSite\",\"@id\":\"https:\/\/milyservice.com\/fr\/#website\",\"url\":\"https:\/\/milyservice.com\/fr\/\",\"name\":\"Mily\",\"description\":\"Real Estate Services | Services Immobiliers\",\"potentialAction\":[{\"@type\":\"SearchAction\",\"target\":{\"@type\":\"EntryPoint\",\"urlTemplate\":\"https:\/\/milyservice.com\/fr\/?s={search_term_string}\"},\"query-input\":{\"@type\":\"PropertyValueSpecification\",\"valueRequired\":true,\"valueName\":\"search_term_string\"}}],\"inLanguage\":\"fr-FR\"}]}<\/script>\n<!-- \/ Yoast SEO Premium plugin. -->","yoast_head_json":{"title":"Appartement Maison de ville Qu\u00e9bec : D\u00e9couvrez Votre Logement Id\u00e9al","description":"\u00c0 la recherche d'un appartement ou d'une maison de ville au Qu\u00e9bec ? D\u00e9couvrez des options de logement confortables et pratiques. Explorez d\u00e8s maintenant !","robots":{"index":"index","follow":"follow","max-snippet":"max-snippet:-1","max-image-preview":"max-image-preview:large","max-video-preview":"max-video-preview:-1"},"canonical":"https:\/\/milyservice.com\/fr\/logement-quebec\/","og_locale":"fr_FR","og_type":"article","og_title":"Qu\u00e9bec","og_description":"\u00c0 la recherche d'un appartement ou d'une maison de ville au Qu\u00e9bec ? D\u00e9couvrez des options de logement confortables et pratiques. Explorez d\u00e8s maintenant !","og_url":"https:\/\/milyservice.com\/fr\/logement-quebec\/","og_site_name":"Mily","article_modified_time":"2025-10-07T17:26:41+00:00","og_image":[{"width":2560,"height":1707,"url":"https:\/\/milyservice.com\/wp-content\/uploads\/2023\/07\/alvin-balemesa-lJstr7OYCoM-unsplash-scaled.jpg","type":"image\/jpeg"}],"twitter_card":"summary_large_image","twitter_misc":{"Dur\u00e9e de lecture estim\u00e9e":"2 minutes"},"schema":{"@context":"https:\/\/schema.org","@graph":[{"@type":"WebPage","@id":"https:\/\/milyservice.com\/fr\/logement-quebec\/","url":"https:\/\/milyservice.com\/fr\/logement-quebec\/","name":"Appartement Maison de ville Qu\u00e9bec : D\u00e9couvrez Votre Logement Id\u00e9al","isPartOf":{"@id":"https:\/\/milyservice.com\/fr\/#website"},"primaryImageOfPage":{"@id":"https:\/\/milyservice.com\/fr\/logement-quebec\/#primaryimage"},"image":{"@id":"https:\/\/milyservice.com\/fr\/logement-quebec\/#primaryimage"},"thumbnailUrl":"https:\/\/milyservice.com\/wp-content\/uploads\/2023\/07\/alvin-balemesa-lJstr7OYCoM-unsplash-1024x683.jpg","datePublished":"2023-06-07T07:05:54+00:00","dateModified":"2025-10-07T17:26:41+00:00","description":"\u00c0 la recherche d'un appartement ou d'une maison de ville au Qu\u00e9bec ? D\u00e9couvrez des options de logement confortables et pratiques. Explorez d\u00e8s maintenant !","breadcrumb":{"@id":"https:\/\/milyservice.com\/fr\/logement-quebec\/#breadcrumb"},"inLanguage":"fr-FR","potentialAction":[{"@type":"ReadAction","target":["https:\/\/milyservice.com\/fr\/logement-quebec\/"]}]},{"@type":"ImageObject","inLanguage":"fr-FR","@id":"https:\/\/milyservice.com\/fr\/logement-quebec\/#primaryimage","url":"https:\/\/milyservice.com\/wp-content\/uploads\/2023\/07\/alvin-balemesa-lJstr7OYCoM-unsplash-1024x683.jpg","contentUrl":"https:\/\/milyservice.com\/wp-content\/uploads\/2023\/07\/alvin-balemesa-lJstr7OYCoM-unsplash-1024x683.jpg"},{"@type":"BreadcrumbList","@id":"https:\/\/milyservice.com\/fr\/logement-quebec\/#breadcrumb","itemListElement":[{"@type":"ListItem","position":1,"name":"Home","item":"https:\/\/milyservice.com\/fr\/"},{"@type":"ListItem","position":2,"name":"Qu\u00e9bec"}]},{"@type":"WebSite","@id":"https:\/\/milyservice.com\/fr\/#website","url":"https:\/\/milyservice.com\/fr\/","name":"Mily","description":"Real Estate Services | Services Immobiliers","potentialAction":[{"@type":"SearchAction","target":{"@type":"EntryPoint","urlTemplate":"https:\/\/milyservice.com\/fr\/?s={search_term_string}"},"query-input":{"@type":"PropertyValueSpecification","valueRequired":true,"valueName":"search_term_string"}}],"inLanguage":"fr-FR"}]}},"featured_image_src":null,"featured_image_src_square":null,"_links":{"self":[{"href":"https:\/\/milyservice.com\/fr\/wp-json\/wp\/v2\/pages\/513","targetHints":{"allow":["GET"]}}],"collection":[{"href":"https:\/\/milyservice.com\/fr\/wp-json\/wp\/v2\/pages"}],"about":[{"href":"https:\/\/milyservice.com\/fr\/wp-json\/wp\/v2\/types\/page"}],"author":[{"embeddable":true,"href":"https:\/\/milyservice.com\/fr\/wp-json\/wp\/v2\/users\/1"}],"replies":[{"embeddable":true,"href":"https:\/\/milyservice.com\/fr\/wp-json\/wp\/v2\/comments?post=513"}],"version-history":[{"count":0,"href":"https:\/\/milyservice.com\/fr\/wp-json\/wp\/v2\/pages\/513\/revisions"}],"wp:attachment":[{"href":"https:\/\/milyservice.com\/fr\/wp-json\/wp\/v2\/media?parent=513"}],"curies":[{"name":"wp","href":"https:\/\/api.w.org\/{rel}","templated":true}]}}